{"id":1168,"date":"2017-12-03T11:25:58","date_gmt":"2017-12-03T10:25:58","guid":{"rendered":"https:\/\/hermann.jodli.me\/?page_id=1168"},"modified":"2025-04-15T13:20:16","modified_gmt":"2025-04-15T11:20:16","slug":"links-2","status":"publish","type":"page","link":"https:\/\/hermann.lewetz.at\/en\/links-2\/","title":{"rendered":"links (digital long-term archiving)"},"content":{"rendered":"<div style=\"height:100px\" aria-hidden=\"true\" class=\"wp-block-spacer\"><\/div>\n\n\n\n<h2 class=\"wp-block-heading has-text-align-center\">links (digital long-term archiving)<\/h2>\n\n\n\n<p><a href=\"https:\/\/www.iasa-web.org\/\" target=\"_blank\" rel=\"noopener\">https:\/\/www.iasa-web.org\/<\/a><br>(International Association of Sound and Audiovisual Archives)<\/p>\n\n\n\n<p><a href=\"http:\/\/www.das-werkstatt.com\/forum\/werkstatt\/\" target=\"_blank\" rel=\"noopener\">http:\/\/www.das-werkstatt.com\/forum\/werkstatt\/<\/a><br>(Das Werkstatt Portal)<\/p>\n\n\n\n<p><a href=\"https:\/\/mediaarea.net\/\" target=\"_blank\" rel=\"noopener\">https:\/\/mediaarea.net\/ <\/a><br>(mediainfo, mediaconch etc.)<\/p>\n\n\n\n<p><a href=\"http:\/\/www.arts.texas.gov\/wp-content\/uploads\/2012\/04\/video.pdf\" target=\"_blank\" rel=\"noopener\">http:\/\/www.arts.texas.gov\/wp-content\/uploads\/2012\/04\/video.pdf<\/a><br>(video format identification)<\/p>\n\n\n\n<p><a href=\"http:\/\/videopreservation.conservation-us.org\/vid_id\/index.html\" target=\"_blank\" rel=\"noopener\">http:\/\/videopreservation.conservation-us.org\/vid_id\/index.html<\/a><br>(video format identification)<\/p>\n\n\n\n<p><a href=\"https:\/\/en.wikipedia.org\/wiki\/JPEG_2000\" target=\"_blank\" rel=\"noopener\">https:\/\/en.wikipedia.org\/wiki\/JPEG_2000<\/a><br>(info about JPEG 2000)<\/p>\n\n\n\n<p><a href=\"https:\/\/en.wikipedia.org\/wiki\/FFV1\" target=\"_blank\" rel=\"noopener\">https:\/\/en.wikipedia.org\/wiki\/FFV1<\/a><br>(info about FFV1)<\/p>\n\n\n\n<p><a href=\"https:\/\/en.wikipedia.org\/wiki\/Portable_Network_Graphics\" target=\"_blank\" rel=\"noopener\">https:\/\/en.wikipedia.org\/wiki\/Portable_Network_Graphics<\/a><br>(info about PNG)<\/p>\n\n\n\n<p><a href=\"https:\/\/www.mediathek.at\/digitalisierung\/ffv1-an-der-mediathek-dt\/\" target=\"_blank\" rel=\"noopener\">https:\/\/www.mediathek.at\/digitalisierung\/ffv1-an-der-mediathek-dt\/<\/a><br>(deutsche Fragen und Antworten zu FFV1)<\/p>\n\n\n\n<p><a href=\"https:\/\/www.memento-movie.de\/2017\/08\/die-geschichte-eines-codecs-ffv1-in-der-archivwelt\/\" target=\"_blank\" rel=\"noreferrer noopener\">https:\/\/www.memento-movie.de\/2017\/08\/die-geschichte-eines-codecs-ffv1-in-der-archivwelt\/<\/a><br>(04.08.2017 \u2014 Peter Bubesdinger erl\u00e4utert die Geschichte der Entstehung des Codecs FFV1)<\/p>\n\n\n\n<p><a href=\"https:\/\/www.memento-movie.de\/2018\/02\/die-geschichte-eines-codecs-ffv1-in-der-archivwelt-2\/\" target=\"_blank\" rel=\"noreferrer noopener\">https:\/\/www.memento-movie.de\/2018\/02\/die-geschichte-eines-codecs-ffv1-in-der-archivwelt-2\/<\/a><br>(22.02.2018 \u2014 <em>Hermann Lewetz<\/em> spricht \u00fcber die Beweggr\u00fcnde zur Entwicklung von DVA-Profession und \u00fcber digitale Langzeitarchivierung im AV-Bereich)<\/p>\n\n\n\n<p><a href=\"https:\/\/mediaarea.net\/blog\/2014\/12\/16\/InterviewLewetzBubestinger\" target=\"_blank\" rel=\"noreferrer noopener\">https:\/\/mediaarea.net\/blog\/2014\/12\/16\/InterviewLewetzBubestinger<\/a><br>(<em>Interview<\/em> with <em>Hermann Lewetz<\/em> and Peter Bubestinger. Date: 12\/16\/2014: why did you decide to use FFV1 and not &#8230;)<\/p>\n\n\n\n<p><a href=\"https:\/\/www.google.com\/url?sa=t&amp;rct=j&amp;q=&amp;esrc=s&amp;source=web&amp;cd=&amp;ved=2ahUKEwjA3e2ZtPHvAhXS8LsIHcJKBlwQFjALegQIBxAD&amp;url=https%3A%2F%2Fwww.fnma.at%2Fcontent%2Fdownload%2F92%2F2178&amp;usg=AOvVaw0b9BADoRMfa4iwEaj5p7IX\" target=\"_blank\" rel=\"noreferrer noopener\">https:\/\/www.google.com\/url?sa=t&amp;rct=j&amp;q=&amp;esrc=s&amp;source=web&amp;cd=&amp;ved=2ahUKEwjA3e2ZtPHvAhXS8LsIHcJKBlwQFjALegQIBxAD&amp;url=https%3A%2F%2Fwww.fnma.at%2Fcontent%2Fdownload%2F92%2F2178&amp;usg=AOvVaw0b9BADoRMfa4iwEaj5p7IX<\/a><br>(In einem <em>Interview<\/em> erl\u00e4utert. <em>Hermann Lewetz<\/em>, langj\u00e4hriger Leiter der technischen Abteilung der Mediathek, seine Erfahrungen bei der Langzeitarchivierung)<\/p>\n\n\n\n<h5 class=\"wp-block-heading western\">&nbsp;<\/h5>\n\n\n\n<p><\/p>","protected":false},"excerpt":{"rendered":"<p>Links (digitale Langzeitarchivierung) https:\/\/www.iasa-web.org\/(International Association of Sound and Audiovisual Archives) http:\/\/www.das-werkstatt.com\/forum\/werkstatt\/(Das Werkstatt Portal) https:\/\/mediaarea.net\/ (mediainfo, mediaconch etc.) http:\/\/www.arts.texas.gov\/wp-content\/uploads\/2012\/04\/video.pdf(video format identification) http:\/\/videopreservation.conservation-us.org\/vid_id\/index.html(video format identification) https:\/\/en.wikipedia.org\/wiki\/JPEG_2000(info about JPEG 2000) https:\/\/en.wikipedia.org\/wiki\/FFV1(info about FFV1) https:\/\/en.wikipedia.org\/wiki\/Portable_Network_Graphics(info about PNG) https:\/\/www.mediathek.at\/digitalisierung\/ffv1-an-der-mediathek-dt\/(deutsche Fragen und Antworten zu FFV1) https:\/\/www.memento-movie.de\/2017\/08\/die-geschichte-eines-codecs-ffv1-in-der-archivwelt\/(04.08.2017 \u2014 Peter Bubesdinger erl\u00e4utert die Geschichte der Entstehung des Codecs FFV1) https:\/\/www.memento-movie.de\/2018\/02\/die-geschichte-eines-codecs-ffv1-in-der-archivwelt-2\/(22.02.2018 \u2014 Hermann Lewetz [&hellip;]<\/p>","protected":false},"author":1,"featured_media":0,"parent":0,"menu_order":0,"comment_status":"closed","ping_status":"closed","template":"","meta":{"footnotes":""},"class_list":["post-1168","page","type-page","status-publish","hentry"],"blocksy_meta":[],"_links":{"self":[{"href":"https:\/\/hermann.lewetz.at\/en\/wp-json\/wp\/v2\/pages\/1168","targetHints":{"allow":["GET"]}}],"collection":[{"href":"https:\/\/hermann.lewetz.at\/en\/wp-json\/wp\/v2\/pages"}],"about":[{"href":"https:\/\/hermann.lewetz.at\/en\/wp-json\/wp\/v2\/types\/page"}],"author":[{"embeddable":true,"href":"https:\/\/hermann.lewetz.at\/en\/wp-json\/wp\/v2\/users\/1"}],"replies":[{"embeddable":true,"href":"https:\/\/hermann.lewetz.at\/en\/wp-json\/wp\/v2\/comments?post=1168"}],"version-history":[{"count":8,"href":"https:\/\/hermann.lewetz.at\/en\/wp-json\/wp\/v2\/pages\/1168\/revisions"}],"predecessor-version":[{"id":2148,"href":"https:\/\/hermann.lewetz.at\/en\/wp-json\/wp\/v2\/pages\/1168\/revisions\/2148"}],"wp:attachment":[{"href":"https:\/\/hermann.lewetz.at\/en\/wp-json\/wp\/v2\/media?parent=1168"}],"curies":[{"name":"wp","href":"https:\/\/api.w.org\/{rel}","templated":true}]}}