{"id":308,"date":"2017-11-15T09:27:21","date_gmt":"2017-11-15T08:27:21","guid":{"rendered":"https:\/\/hermann.jodli.me\/?page_id=308"},"modified":"2025-04-15T09:54:04","modified_gmt":"2025-04-15T07:54:04","slug":"publikationen","status":"publish","type":"page","link":"https:\/\/hermann.lewetz.at\/de\/publikationen\/","title":{"rendered":"Publikationen"},"content":{"rendered":"\n<div style=\"height:100px\" aria-hidden=\"true\" class=\"wp-block-spacer\"><\/div>\n\n\n\n<h2 class=\"wp-block-heading has-text-align-center\">Publikationen<\/h2>\n\n\n\n<div style=\"height:100px\" aria-hidden=\"true\" class=\"wp-block-spacer\"><\/div>\n\n\n\n<p><strong>2014<\/strong>, \u201eDigitalisierung und Archivierung von Ton- und Videoaufnahmen\u201c,<a href=\"https:\/\/www.augias.net\/2014\/03\/26\/anet8075\/\">Archiv und Wirtschaft 47. Jahrgang, 2014, Heft 1,17-21<\/a><\/p>\n\n\n\n<p><strong>2014<\/strong>, \u201e\u00d6sterreich am Wort: a Project Giving Webaccess to more than 5,000 Recordings\u201c,&nbsp; iasa journal, no 42, January 2014, 70-75<\/p>\n\n\n\n<p><strong>2011<\/strong>, \u201eLong Term Preservation: The Time After\u201d,online publication, http:\/\/www.jts2010.org\/<\/p>\n\n\n\n<p><strong>2011<\/strong>, \u201cVideo Digitization At The Austrian Mediathek\u201d, iasa journal, no 36, January 2011, 25-32<\/p>\n\n\n\n<p><strong>2010<\/strong>, \u201eDie Massenspeicher der Mediathek\u201c, Festschrift: 50 Jahre Mediathek, Cuvillier Verlag G\u00f6ttingen, 121-131<\/p>\n\n\n\n<p><strong>2010<\/strong>, \u201eLangzeitarchivierung ohne System\u201c, Festschrift: 50 Jahre Mediathek, Cuvillier Verlag G\u00f6ttingen, 107-119<\/p>\n\n\n\n<p><strong>2010<\/strong>, \u201eDigitalisierung, Der Wandel vom analogen zum digitalen Archiv\u201c, Festschrift: 50 Jahre Mediathek, Cuvillier Verlag G\u00f6ttingen, 101-105<\/p>\n\n\n\n<p><strong>2010<\/strong>, \u201eDigitale Langzeitarchivierung ohne propriet\u00e4re Systeme\u201c, Schall und Rauch, Organ der IASA-L\u00e4ndergruppe Deutschland\/Deutschschweiz e.V., Nr. 13, August 2010, 24-30<\/p>\n\n\n\n<p><strong>2004<\/strong>, Ein Jahrzehnt World Wide Web: R\u00fcckblick &#8211; Standortbestimmung &#8211; Ausblick. Tagungsbericht vom 10. \u00d6sterreichischen Online-Informationstreffen und 11. \u00d6sterreichischen Dokumentartag, 23. &#8211; 26 September 2003, Universit\u00e4t Salzburg. (=Biblos-Schriften, Band 179, Hrsg.: Johanna Rachinger \/Maria Bernklau). (Wien 2004).<\/p>\n\n\n\n<p><strong>2003<\/strong>, Gabriele Fr\u00f6schl \/ Hermann Lewetz, Das Digitale Archiv in der \u00d6sterreichischen Mediathek. In: Eveline Pipp (Hrsg.), ODOK &#8217;03.<\/p>\n\n\n\n<p><strong>1997<\/strong>, \u201eSchnitt bleibt Schnitt \u2013 nur der Weg ist anders!\u201c. Bemerkungen zum Schnitt am Avid-Filmcomposer. Zeitschrift Wissenschaftlicher Film (Wien) Nr. 48\/49, Februar 1997, 159-169<\/p>\n\n\n\n<p><strong>1997<\/strong>, \u201eUniv. Prof. Dr. Otto Storch, Zoologe und Pionier der wissenschaftlichen Mikrokinematographie\u201c zusammen mit Reinhard Kikinger, Begleitver\u00f6ffentlichung zur Filmbiographie,&nbsp; Zeitschrift Wissenschaftlicher Film (Wien) Nr. 48\/49, Februar 1997, 43-60<\/p>\n","protected":false},"excerpt":{"rendered":"<p>Publikationen 2014, \u201eDigitalisierung und Archivierung von Ton- und Videoaufnahmen\u201c,Archiv und Wirtschaft 47. Jahrgang, 2014, Heft 1,17-21 2014, \u201e\u00d6sterreich am Wort: a Project Giving Webaccess to more than 5,000 Recordings\u201c,&nbsp; iasa journal, no 42, January 2014, 70-75 2011, \u201eLong Term Preservation: The Time After\u201d,online publication, http:\/\/www.jts2010.org\/ 2011, \u201cVideo Digitization At The Austrian Mediathek\u201d, iasa journal, no [&hellip;]<\/p>\n","protected":false},"author":1,"featured_media":0,"parent":0,"menu_order":0,"comment_status":"closed","ping_status":"closed","template":"","meta":{"footnotes":""},"class_list":["post-308","page","type-page","status-publish","hentry"],"blocksy_meta":[],"_links":{"self":[{"href":"https:\/\/hermann.lewetz.at\/de\/wp-json\/wp\/v2\/pages\/308","targetHints":{"allow":["GET"]}}],"collection":[{"href":"https:\/\/hermann.lewetz.at\/de\/wp-json\/wp\/v2\/pages"}],"about":[{"href":"https:\/\/hermann.lewetz.at\/de\/wp-json\/wp\/v2\/types\/page"}],"author":[{"embeddable":true,"href":"https:\/\/hermann.lewetz.at\/de\/wp-json\/wp\/v2\/users\/1"}],"replies":[{"embeddable":true,"href":"https:\/\/hermann.lewetz.at\/de\/wp-json\/wp\/v2\/comments?post=308"}],"version-history":[{"count":17,"href":"https:\/\/hermann.lewetz.at\/de\/wp-json\/wp\/v2\/pages\/308\/revisions"}],"predecessor-version":[{"id":2115,"href":"https:\/\/hermann.lewetz.at\/de\/wp-json\/wp\/v2\/pages\/308\/revisions\/2115"}],"wp:attachment":[{"href":"https:\/\/hermann.lewetz.at\/de\/wp-json\/wp\/v2\/media?parent=308"}],"curies":[{"name":"wp","href":"https:\/\/api.w.org\/{rel}","templated":true}]}}