{"id":1621,"date":"2025-03-31T11:28:25","date_gmt":"2025-03-31T09:28:25","guid":{"rendered":"https:\/\/hermann.lewetz.at\/?page_id=1621"},"modified":"2025-05-09T12:52:47","modified_gmt":"2025-05-09T10:52:47","slug":"digitale-langzeitarchivierung","status":"publish","type":"page","link":"https:\/\/hermann.lewetz.at\/de\/digitale-langzeitarchivierung\/","title":{"rendered":"Digitale Langzeitarchivierung"},"content":{"rendered":"\n<div style=\"height:100px\" aria-hidden=\"true\" class=\"wp-block-spacer\"><\/div>\n\n\n\n<h2 class=\"wp-block-heading has-text-align-center\">Digitale Langzeitarchivierung<\/h2>\n\n\n\n<div class=\"wp-block-group is-layout-constrained wp-container-core-group-is-layout-41c06ba8 wp-block-group-is-layout-constrained\">\n<p>Unser Wunsch nach unendlich haltbaren Tr\u00e4gern und Formaten f\u00fcr unsere Archivbest\u00e4nde wird weder jetzt noch in absehbarer Zukunft in Erf\u00fcllung gehen. F\u00fcr die Erhaltung unserer audiovisuellen Best\u00e4nde bleibt daher nur das Konzept der &#8222;ewigen Migration&#8220;. Das bedeutet, dass die Aufnahmen unendlich oft, von Tr\u00e4ger zu Tr\u00e4ger, von Format zu Format, migriert werden m\u00fcssen, um sie ewig zu erhalten.<br>Dies kann nur funktionieren, wenn diese Migrationen absolut verlustfrei durchgef\u00fchrt werden k\u00f6nnen. Auch bei geringsten Verlusten w\u00e4hrend dieser Prozesse verlieren die Aufnahmen mit der Zahl der Migrationen immer mehr an Qualit\u00e4t. Bilder, T\u00f6ne, Daten schwinden. Unsere Best\u00e4nde gehen letztlich verloren.<br>Die Aufgabe der digitalen Langzeitarchivierung besteht darin, die notwendigen Voraussetzungen daf\u00fcr zu schaffen, dass dies nicht geschieht.<\/p>\n\n\n\n<p>In den 20 Jahren meiner T\u00e4tigkeit an der \u00d6sterreichischen Mediathek habe ich im Bereich Digitalisierung zusammen mit Peter Bubestinger ein System f\u00fcr die Verwaltung der Workflows bei der Videodigitalisierung entwickelt (DVA-Profession, siehe unten), das dort seit 2010 erfolgreich im Einsatz ist. Als weitere Innovation haben wir das hardware- und software- optimierte Storagesystem f\u00fcr Archivzwecke (DLP, siehe unten) konzipiert und umgesetzt.<\/p>\n\n\n\n<div style=\"height:100px\" aria-hidden=\"true\" class=\"wp-block-spacer\"><\/div>\n<\/div>\n\n\n\n<div class=\"wp-block-cover alignfull is-light has-parallax wp-elements-6dfe276dec09015978214cbc48472a15 has-aspect-ratio\" style=\"padding-right:0;padding-left:0;min-height:144px;aspect-ratio:auto;min-height:unset;\"><div class=\"wp-block-cover__image-background wp-image-560 has-parallax\" style=\"background-position:50% 50%;background-image:url(https:\/\/hermann.lewetz.at\/wp-content\/uploads\/2017\/11\/Fidelity-Testbild_verpixelt.jpg)\"><\/div><span aria-hidden=\"true\" class=\"wp-block-cover__background has-background-dim-0 has-background-dim\" style=\"background-color:#828285\"><\/span><div class=\"wp-block-cover__inner-container is-layout-constrained wp-container-core-cover-is-layout-7db9d80f wp-block-cover-is-layout-constrained\">\n<p class=\"has-text-align-center has-palette-color-9-color has-text-color has-link-color has-x-large-font-size wp-elements-afd82241082bb3c18662958b4d2cba96\" style=\"font-style:normal;font-weight:700\">DVA-Profession<\/p>\n<\/div><\/div>\n\n\n\n<div class=\"wp-block-group is-layout-constrained wp-container-core-group-is-layout-41c06ba8 wp-block-group-is-layout-constrained\">\n<div class=\"wp-block-columns is-layout-flex wp-container-core-columns-is-layout-2e14fe5f wp-block-columns-is-layout-flex\" style=\"padding-right:0;padding-left:0\">\n<div class=\"wp-block-column is-vertically-aligned-center is-layout-flow wp-block-column-is-layout-flow\" style=\"padding-right:0;padding-left:0\">\n<figure class=\"wp-block-image size-full\"><img loading=\"lazy\" decoding=\"async\" width=\"360\" height=\"40\" src=\"https:\/\/hermann.lewetz.at\/wp-content\/uploads\/2017\/11\/DVA_Logo.png\" alt=\"\" class=\"wp-image-890\" srcset=\"https:\/\/hermann.lewetz.at\/wp-content\/uploads\/2017\/11\/DVA_Logo.png 360w, https:\/\/hermann.lewetz.at\/wp-content\/uploads\/2017\/11\/DVA_Logo-300x33.png 300w, https:\/\/hermann.lewetz.at\/wp-content\/uploads\/2017\/11\/DVA_Logo-230x26.png 230w, https:\/\/hermann.lewetz.at\/wp-content\/uploads\/2017\/11\/DVA_Logo-350x39.png 350w\" sizes=\"auto, (max-width: 360px) 100vw, 360px\" \/><\/figure>\n\n\n\n<p>Im Jahre 2009 hatte ich im Rahmen eines Projektes, bei dem die \u00d6sterreichische Mediathek unter anderem 1000 Videoaufnahmen ins Web stellen und als Voraussetzung auch digitalisieren sollte, die Gelegenheit, endlich mit der Digitalisierung von Video beginnen zu k\u00f6nnen. Ich began die technischen M\u00f6glichkeiten zu recherchieren. Damals war im internationalen Kreis der AV-Archive f\u00fcr die Archivierung von Video neben der unkomprimierten Option nur ein Format in aller Munde: <a href=\"https:\/\/en.wikipedia.org\/wiki\/Material_Exchange_Format\" target=\"_blank\" rel=\"noreferrer noopener\">MXF<\/a> (Kontainer) mit <a href=\"https:\/\/en.wikipedia.org\/wiki\/Motion_JPEG_2000\" target=\"_blank\" rel=\"noreferrer noopener\">Motion JPEG 2000<\/a> (Codec).<\/p>\n\n\n\n<p>Das damals einzige, mir bekannte System, das einen Digitalisierungs-Workflow verwaltet (Metadaten, Pr\u00fcfsumme, Analyse, Konfektionierung f\u00fcr das Archiv etc.) und ein solches Format geschrieben hat war &#8222;SAMMA Solo&#8220;.<br>Daher hatte ich den Kauf eines solchen Ger\u00e4tes in die Kalkulation f\u00fcr das Projekt einbezogen.<\/p>\n\n\n\n<p>Nachdem das Projekt tats\u00e4chlich bewilligt worden war, stie\u00dfen mich detailliertere Tests mit originalen Dateien, die von dem Samma-Solo des \u00d6sterreichischen Phonogrammarchivs stammten, auf die Erkenntnis, dass ich diese Dateien nur auf dem Ursprungsger\u00e4t wieder abspielen bzw. in andere Formate konvertieren konnte.<\/p>\n\n\n\n<p>Dies ist f\u00fcr jeglichen Gedanken der Langzeitarchivierung ein &#8222;No Go&#8220;.<\/p>\n\n\n\n<p>Auf der Suche nach Alternativen erwies sich der Open Source Codec <a href=\"https:\/\/en.wikipedia.org\/wiki\/FFV1\" target=\"_blank\" rel=\"noreferrer noopener\">FFV1<\/a> als sinnvolle L\u00f6sung.<br>Da dieser Codec von keinem Digitalisierungssystem bedient wurde, entwickelten Peter Bubestinger und ich ein eigenes System mit dem Namen &#8222;DVA-Profession&#8220;.<\/p>\n\n\n\n<p>DVA-Profession ist ein System, das den gesamten Arbeitsablauf der Digitalisierung bis hin zur korrekten Ablage im Archivspeicher festlegt, durchf\u00fchrt und dokumentiert. Dabei wird der Ablauf in einzelne Schritte zerlegt, die zum Teil automatisiert ausgef\u00fchrt werden und zum anderen Teil auf manuelle Eingaben warten (z.B. Endkontrolle). Die Automatisierung dient nicht nur der Arbeitserleichterung sondern vor allem der Standardisierung m\u00f6glichst vieler Arbeitsschritte.<\/p>\n\n\n\n<p>Urspr\u00fcnglich als Testerin stie\u00df Marion Jaks in das Team und bereicherte von da an das Konzept mit bodenst\u00e4ndigen Vorschl\u00e4gen f\u00fcr einfacher nachvollziehbare Bedienungsfunktionen.<\/p>\n<\/div>\n<\/div>\n<\/div>\n\n\n\n<div style=\"height:100px\" aria-hidden=\"true\" class=\"wp-block-spacer\"><\/div>\n\n\n\n<div class=\"wp-block-cover alignfull has-parallax\" style=\"padding-right:0;padding-left:0;min-height:124px;aspect-ratio:unset;\"><div class=\"wp-block-cover__image-background wp-image-257 has-parallax\" style=\"background-position:50% 50%;background-image:url(https:\/\/hermann.lewetz.at\/wp-content\/uploads\/2017\/11\/technology-servers-server-159282.jpeg)\"><\/div><span aria-hidden=\"true\" class=\"wp-block-cover__background has-background-dim-0 has-background-dim\" style=\"background-color:#525355\"><\/span><div class=\"wp-block-cover__inner-container is-layout-constrained wp-container-core-cover-is-layout-7db9d80f wp-block-cover-is-layout-constrained\">\n<p class=\"has-text-align-center has-palette-color-9-color has-text-color has-link-color has-x-large-font-size wp-elements-8930bdecaa24432b983897809603e4a0\" style=\"font-style:normal;font-weight:700\">DLP-Storage<\/p>\n<\/div><\/div>\n\n\n\n<div class=\"wp-block-group is-layout-constrained wp-container-core-group-is-layout-41c06ba8 wp-block-group-is-layout-constrained\">\n<p>Sp\u00e4testens beim Archivieren von digitalen Videobest\u00e4nden spielt die Frage der Speicherkosten eine existenzielle Rolle f\u00fcr das Budget eines Archivs.<br>Diese Kosten teilen sich auf in Hardwarekosten der physischen Speicher und Kosten f\u00fcr die Software, die die Daten verwaltet. Viele am Markt angebotene L\u00f6sungen sind nur im Paket beider Bereiche erh\u00e4ltlich.<br>Gleichzeitig wird die Datenverwaltung oft mit mengenabh\u00e4ngigen Lizenzen vertrieben.<br>Auch wird von den Anbietern vor allem der Marktsektor bedient, wo gro\u00dfe Budgets zur Verf\u00fcgung stehen (Banken, Versicherungen, Broadcaster). Hier stellt die Hochverf\u00fcgbarkeit ein wichtiges Kriterium dar. Diese kostentreibende Eigenschaft ist f\u00fcr durchschnittliche audiovisuelle Archive weniger bedeutend. Ein tempor\u00e4rer Ausfall ist dort leichter zu verkraften. Wichtiger ist jede Ma\u00dfnahme, die sicher stellt, dass die Daten nach einem Neustart wieder vollst\u00e4ndig und unver\u00e4ndert zur Verf\u00fcgung stehen.<\/p>\n\n\n\n<p>Um die Kosten auf die f\u00fcr das Archiv wichtigen Eigenschaften zu reduzieren, entwickelten Peter Bubestinger und ich f\u00fcr die \u00d6sterreichische Mediathek in Zusammenarbeit mit den Firmen <a href=\"https:\/\/www.linforge.com\/\" target=\"_blank\" rel=\"noreferrer noopener\">Linforge<\/a>, <a href=\"http:\/\/www.anyfer.com\/\" target=\"_blank\" rel=\"noreferrer noopener\">Anyfer<\/a> und <a href=\"http:\/\/www.45drives.com\/\" target=\"_blank\" rel=\"noreferrer noopener\">45Drives<\/a> die Konfiguration f\u00fcr eine kosteng\u00fcnstige und gleichzeitig stabile Hardwarel\u00f6sung. F\u00fcr die Verwaltung entwarfen wir ein Konzept, in dem alle uns bekannten Anforderungen an eine digitale Langzeitarchivierung &#8211; inclusive der Option einer Abl\u00f6se durch ein zuk\u00fcnftiges System &#8211; ber\u00fccksichtigt wurden.<\/p>\n\n\n\n<p>Die Kosten haben sich dadurch extrem reduziert. Vorher war es in der \u00d6sterreichischen Mediathek aus Budgetgr\u00fcnden nicht realistisch, an ein Petabyte auch nur zu denken.<\/p>\n<\/div>\n","protected":false},"excerpt":{"rendered":"<p>Digitale Langzeitarchivierung Unser Wunsch nach unendlich haltbaren Tr\u00e4gern und Formaten f\u00fcr unsere Archivbest\u00e4nde wird weder jetzt noch in absehbarer Zukunft in Erf\u00fcllung gehen. F\u00fcr die Erhaltung unserer audiovisuellen Best\u00e4nde bleibt daher nur das Konzept der &#8222;ewigen Migration&#8220;. Das bedeutet, dass die Aufnahmen unendlich oft, von Tr\u00e4ger zu Tr\u00e4ger, von Format zu Format, migriert werden m\u00fcssen, [&hellip;]<\/p>\n","protected":false},"author":1,"featured_media":0,"parent":0,"menu_order":0,"comment_status":"closed","ping_status":"closed","template":"","meta":{"footnotes":""},"class_list":["post-1621","page","type-page","status-publish","hentry"],"blocksy_meta":[],"_links":{"self":[{"href":"https:\/\/hermann.lewetz.at\/de\/wp-json\/wp\/v2\/pages\/1621","targetHints":{"allow":["GET"]}}],"collection":[{"href":"https:\/\/hermann.lewetz.at\/de\/wp-json\/wp\/v2\/pages"}],"about":[{"href":"https:\/\/hermann.lewetz.at\/de\/wp-json\/wp\/v2\/types\/page"}],"author":[{"embeddable":true,"href":"https:\/\/hermann.lewetz.at\/de\/wp-json\/wp\/v2\/users\/1"}],"replies":[{"embeddable":true,"href":"https:\/\/hermann.lewetz.at\/de\/wp-json\/wp\/v2\/comments?post=1621"}],"version-history":[{"count":17,"href":"https:\/\/hermann.lewetz.at\/de\/wp-json\/wp\/v2\/pages\/1621\/revisions"}],"predecessor-version":[{"id":2204,"href":"https:\/\/hermann.lewetz.at\/de\/wp-json\/wp\/v2\/pages\/1621\/revisions\/2204"}],"wp:attachment":[{"href":"https:\/\/hermann.lewetz.at\/de\/wp-json\/wp\/v2\/media?parent=1621"}],"curies":[{"name":"wp","href":"https:\/\/api.w.org\/{rel}","templated":true}]}}